

{"id":1389,"date":"2012-10-15T18:28:15","date_gmt":"2012-10-15T18:28:15","guid":{"rendered":"http:\/\/www.imelaworld.com\/?page_id=1389"},"modified":"2012-10-15T18:28:15","modified_gmt":"2012-10-15T18:28:15","slug":"contatti","status":"publish","type":"page","link":"https:\/\/www.appleidea.org\/index.php\/contatti\/","title":{"rendered":"Contatti"},"content":{"rendered":"<p><strong>Chi siamo<\/strong><\/p>\n<p>appleidea \u00e8 un blog che nasce dalla passione verso il mondo Apple. L&#8217;obbiettivo che ci siamo\u00a0prefissati \u00e8 quello di offrire uno spazio dove ogni utente pu\u00f2 trovare la soluzione alla difficolt\u00e0 riscontata. Il nostro impegno \u00e8 quello appunto di condividere\u00a0le nostre esperienze\u00a0sotto forma di guide.<\/p>\n<p>Se volete contattare il team di appleidea lo potete fare attraverso questi indirizzi email:<\/p>\n<p><em>redazione.appleidea@gmail.com<\/em><\/p>\n<p>&nbsp;<\/p>\n<p><strong>Pubblicit\u00e0<\/strong><\/p>\n<p>Se stai pensando di voler pubblicizzare la tua attivit\u00e0 o la tua pagina web tramite il nostro sito noi rappresentiamo una ottima soluzione.<br \/>\nIl nostro blog, infatti, \u00e8 in costante crescita con un numero sempre maggiore di utenti che tutti i giorni decidono di regalarci parte del loro tempo.<\/p>\n<p>Sei uno sviluppatore di Applicazioni disponibili su App Store, o un venditore di prodotti o\u00a0accessori\u00a0Apple, appleidea vi offre la possibilit\u00e0 di realizzare un contest con l&#8217;obbiettivo di pubblicizzare al meglio i tuoi prodotti o applicazioni.<\/p>\n<p>Ti occorre solamente contattarci a questo indirizzo email <em>redazione.appleidea@gmail.com<\/em>\u00a0\u00a0per avviare al pi\u00f9 presto la tua iniziativa.<\/p>\n<p>&nbsp;<\/p>\n<p><strong>Lavora con noi<\/strong><\/p>\n<p>appleidea \u00e8 il vostro spazio web dove potete esprimere le vostre curiosit\u00e0 e difficolt\u00e0. Se il vostro interesse vi porta a desiderare una migliore visibilit\u00e0 e partecipazione con lo scopo di condividere le vostre conoscenze attraverso degli articoli, potete chiedere attraverso questa email <em>redazione.appleidea@gmail.com<\/em>\u00a0di entrare a fare parte del\u00a0Team di appleidea.<\/p>\n<p>&nbsp;<\/p>\n<p><strong>A tutte quelle persone che seguono questo blog e questo progetto che va il nostro ringraziamento pi\u00f9 sentito.<\/strong><\/p>\n<p style=\"text-align: center;\"><strong>appleidea siete Voi<\/strong><\/p>\n<p>&nbsp;<\/p>\n","protected":false},"excerpt":{"rendered":"<p>Chi siamo appleidea \u00e8 un blog che nasce dalla passione verso il mondo Apple. L&#8217;obbiettivo che ci siamo\u00a0prefissati \u00e8 quello di offrire uno spazio dove ogni utente pu\u00f2 trovare la soluzione alla difficolt\u00e0 riscontata. Il nostro impegno \u00e8 quello appunto di condividere\u00a0le nostre esperienze\u00a0sotto forma di guide. Se volete contattare il team di appleidea lo [&hellip;]<\/p>\n","protected":false},"author":1,"featured_media":0,"parent":0,"menu_order":0,"comment_status":"open","ping_status":"open","template":"","meta":{"footnotes":""},"class_list":["post-1389","page","type-page","status-publish","hentry"],"_links":{"self":[{"href":"https:\/\/www.appleidea.org\/index.php\/wp-json\/wp\/v2\/pages\/1389"}],"collection":[{"href":"https:\/\/www.appleidea.org\/index.php\/wp-json\/wp\/v2\/pages"}],"about":[{"href":"https:\/\/www.appleidea.org\/index.php\/wp-json\/wp\/v2\/types\/page"}],"author":[{"embeddable":true,"href":"https:\/\/www.appleidea.org\/index.php\/wp-json\/wp\/v2\/users\/1"}],"replies":[{"embeddable":true,"href":"https:\/\/www.appleidea.org\/index.php\/wp-json\/wp\/v2\/comments?post=1389"}],"version-history":[{"count":0,"href":"https:\/\/www.appleidea.org\/index.php\/wp-json\/wp\/v2\/pages\/1389\/revisions"}],"wp:attachment":[{"href":"https:\/\/www.appleidea.org\/index.php\/wp-json\/wp\/v2\/media?parent=1389"}],"curies":[{"name":"wp","href":"https:\/\/api.w.org\/{rel}","templated":true}]}}